{"id":946,"date":"2025-12-09T14:56:06","date_gmt":"2025-12-09T14:56:06","guid":{"rendered":"https:\/\/vintageroom31.pleximus.in\/index\/"},"modified":"2026-01-29T15:55:39","modified_gmt":"2026-01-29T15:55:39","slug":"index","status":"publish","type":"page","link":"https:\/\/vintageroom31.cz\/de\/index\/","title":{"rendered":"Index"},"content":{"rendered":"\n<div class=\"wp-block-uagb-container uagb-block-ec3dc7af alignfull uagb-is-root-container\"><div class=\"uagb-container-inner-blocks-wrap\">\n<div class=\"wp-block-uagb-container uagb-block-7c51f591\">\n<div class=\"wp-block-uagb-container uagb-block-ec80e618\">\n<div class=\"wp-block-uagb-advanced-heading uagb-block-891305c1\"><h1 class=\"uagb-heading-text\">Boutique mit pers\u00f6nlich ausgew\u00e4hlter Mode in Prag<\/h1><\/div>\n<\/div>\n<\/div>\n<\/div><\/div>\n\n<div class=\"wp-block-uagb-container uagb-block-9441b493 alignfull uagb-is-root-container\"><div class=\"uagb-container-inner-blocks-wrap\">\n<div class=\"wp-block-uagb-container uagb-block-ec86c81a\">\n<div class=\"wp-block-uagb-container uagb-block-cf4cd753\">\n<div class=\"wp-block-uagb-advanced-heading uagb-block-1d34df7e\"><h2 class=\"uagb-heading-text\">Hochwertige Damen- und Herrenbekleidung, Lederjacken und zeitlose Mode<\/h2><\/div>\n<\/div>\n<\/div>\n<\/div><\/div>\n\n<div class=\"wp-block-uagb-container uagb-block-2e719802 alignfull uagb-is-root-container\"><div class=\"uagb-container-inner-blocks-wrap\">\n<div class=\"wp-block-uagb-container uagb-block-ffff5eee\">\n<div class=\"wp-block-uagb-buttons uagb-buttons__outer-wrap uagb-btn__default-btn uagb-btn-tablet__default-btn uagb-btn-mobile__default-btn uagb-block-e81fb9fd\"><div class=\"uagb-buttons__wrap uagb-buttons-layout-wrap \">\n<div class=\"wp-block-uagb-buttons-child uagb-buttons__outer-wrap uagb-block-f0e72456 wp-block-button\"><div class=\"uagb-button__wrapper\"><a class=\"uagb-buttons-repeater wp-block-button__link\" aria-label=\"\" href=\"#\" rel=\"follow noopener\" target=\"_self\" role=\"button\"><div class=\"uagb-button__link\">Herrenbekleidung<\/div><\/a><\/div><\/div>\n<\/div><\/div>\n<\/div>\n\n\n\n<div class=\"wp-block-uagb-container uagb-block-3ccc88b0\">\n<div class=\"wp-block-uagb-buttons uagb-buttons__outer-wrap uagb-btn__default-btn uagb-btn-tablet__default-btn uagb-btn-mobile__default-btn uagb-block-60921243\"><div class=\"uagb-buttons__wrap uagb-buttons-layout-wrap \">\n<div class=\"wp-block-uagb-buttons-child uagb-buttons__outer-wrap uagb-block-426e9c00 wp-block-button\"><div class=\"uagb-button__wrapper\"><a class=\"uagb-buttons-repeater wp-block-button__link\" aria-label=\"\" href=\"#\" rel=\"follow noopener\" target=\"_self\" role=\"button\"><div class=\"uagb-button__link\">Damenbekleidung<\/div><\/a><\/div><\/div>\n<\/div><\/div>\n<\/div>\n\n\n\n<div class=\"wp-block-uagb-container uagb-block-202d0cc0\">\n<div class=\"wp-block-uagb-buttons uagb-buttons__outer-wrap uagb-btn__default-btn uagb-btn-tablet__default-btn uagb-btn-mobile__default-btn uagb-block-2a669de6\"><div class=\"uagb-buttons__wrap uagb-buttons-layout-wrap \">\n<div class=\"wp-block-uagb-buttons-child uagb-buttons__outer-wrap uagb-block-282209d3 wp-block-button\"><div class=\"uagb-button__wrapper\"><a class=\"uagb-buttons-repeater wp-block-button__link\" aria-label=\"\" href=\"#\" rel=\"follow noopener\" target=\"_self\" role=\"button\"><div class=\"uagb-button__link\">Lederjacke<\/div><\/a><\/div><\/div>\n<\/div><\/div>\n<\/div>\n\n\n\n<div class=\"wp-block-uagb-container uagb-block-76dd9e37\">\n<div class=\"wp-block-uagb-buttons uagb-buttons__outer-wrap uagb-btn__default-btn uagb-btn-tablet__default-btn uagb-btn-mobile__default-btn uagb-block-67c577d8\"><div class=\"uagb-buttons__wrap uagb-buttons-layout-wrap \">\n<div class=\"wp-block-uagb-buttons-child uagb-buttons__outer-wrap uagb-block-ff7631d2 wp-block-button\"><div class=\"uagb-button__wrapper\"><a class=\"uagb-buttons-repeater wp-block-button__link\" aria-label=\"\" href=\"#\" rel=\"follow noopener\" target=\"_self\" role=\"button\"><div class=\"uagb-button__link\">Accessoires<\/div><\/a><\/div><\/div>\n<\/div><\/div>\n<\/div>\n<\/div><\/div>\n\n<div class=\"wp-block-uagb-container uagb-block-1f43a43a alignfull uagb-is-root-container\"><div class=\"uagb-container-inner-blocks-wrap\">\n<div class=\"wp-block-uagb-container uagb-block-5271758c\">\n<div class=\"wp-block-uagb-image uagb-block-f5c5b88d wp-block-uagb-image--layout-default wp-block-uagb-image--effect-static wp-block-uagb-image--align-none\"><figure class=\"wp-block-uagb-image__figure\"><img decoding=\"async\" srcset=\"https:\/\/vintageroom31.cz\/wp-content\/uploads\/2025\/12\/fashion-designer-template-blog-featured-img-3.jpg ,https:\/\/vintageroom31.cz\/wp-content\/uploads\/2025\/12\/fashion-designer-template-blog-featured-img-3.jpg 780w, https:\/\/vintageroom31.cz\/wp-content\/uploads\/2025\/12\/fashion-designer-template-blog-featured-img-3.jpg 360w\" sizes=\"auto, (max-width: 480px) 150px\" src=\"https:\/\/vintageroom31.cz\/wp-content\/uploads\/2025\/12\/fashion-designer-template-blog-featured-img-3.jpg\" alt=\"\" class=\"uag-image-145\" width=\"550\" height=\"426\" title=\"fashion-designer-template-blog-featured-img-3.jpg\" loading=\"lazy\" role=\"img\"><\/figure><\/div>\n<\/div>\n\n\n\n<div class=\"wp-block-uagb-container uagb-block-c5ba592f\">\n<div class=\"wp-block-uagb-advanced-heading uagb-block-afd3911b\"><h2 class=\"uagb-heading-text\">\u00dcber Armina Pandeyan<\/h2><\/div>\n\n\n\n<div class=\"wp-block-uagb-advanced-heading uagb-block-32165557\"><p class=\"uagb-heading-text\">Bei Vintage Room 31 ist Leder mehr als nur ein Material. Es ist ein Statement des Charakters. Inspiriert von klassischen Silhouetten und neu definiert f\u00fcr die moderne Garderobe, werden unsere Kollektionen aus hochwertigem Leder, pr\u00e4zisen Details und kompromisslosen Qualit\u00e4tsstandards gefertigt.<\/p><\/div>\n\n\n\n<div class=\"wp-block-uagb-buttons uagb-buttons__outer-wrap uagb-btn__medium-btn uagb-btn-tablet__default-btn uagb-btn-mobile__default-btn uagb-block-485db8e3\"><div class=\"uagb-buttons__wrap uagb-buttons-layout-wrap \">\n<div class=\"wp-block-uagb-buttons-child uagb-buttons__outer-wrap uagb-block-439b22f0 wp-block-button\"><div class=\"uagb-button__wrapper\"><a class=\"uagb-buttons-repeater wp-block-button__link\" aria-label=\"\" href=\"#\" rel=\"follow noopener\" target=\"_self\" role=\"button\"><div class=\"uagb-button__link\">Mehr erfahren<\/div><\/a><\/div><\/div>\n<\/div><\/div>\n<\/div>\n<\/div><\/div>\n\n<div class=\"wp-block-uagb-container uagb-block-dd262d5e alignfull uagb-is-root-container\"><div class=\"uagb-container-inner-blocks-wrap\">\n<div class=\"wp-block-uagb-container uagb-block-5ad631a7\">\n<div class=\"wp-block-uagb-advanced-heading uagb-block-bd347c82\"><h2 class=\"uagb-heading-text\">Lederjacken<\/h2><\/div>\n<\/div>\n\n\n\n<div class=\"wp-block-uagb-container uagb-block-8cbce4fc\">\n<div class=\"wp-block-woocommerce-product-collection\">\n\n\n\n\n<h2 style=\"font-size:20px;line-height:1.5; border-top-left-radius:0px;border-top-right-radius:0px;border-bottom-left-radius:0px;border-bottom-right-radius:0px;border-style:none;border-width:0px; margin-bottom:0.75rem;margin-top:0;\" class=\"has-text-align-left has-link-color wp-elements-7be27067843975e376617d6b4bdfee25 wp-block-post-title has-text-color has-ast-global-color-1-color\"><a href=\"https:\/\/vintageroom31.cz\/de\/index\/\" target=\"_self\" >Index<\/a><\/h2>\n\n\n<\/div>\n<\/div>\n<\/div><\/div>\n\n<div class=\"wp-block-uagb-container uagb-block-3b82db6f alignfull uagb-is-root-container\"><div class=\"uagb-container-inner-blocks-wrap\">\n<div class=\"wp-block-uagb-container uagb-block-f95877f7\">\n<div class=\"wp-block-woocommerce-product-collection\">\n<div class=\"wp-block-group is-content-justification-space-between is-nowrap is-layout-flex wp-container-core-group-is-layout-3007c8ef wp-block-group-is-layout-flex\" style=\"border-bottom-color:var(--wp--preset--color--ast-global-color-1);border-bottom-width:1px;padding-top:var(--wp--preset--spacing--20);padding-bottom:var(--wp--preset--spacing--20)\">\n<div class=\"wp-block-uagb-advanced-heading uagb-block-d22f4f8c\"><h2 class=\"uagb-heading-text\">Damenbekleidung<\/h2><\/div>\n\n\n\n<div style=\"box-shadow:none\" class=\"wp-block-woocommerce-product-gallery-large-image-next-previous wp-elements-dcd2c806f522cccf320c3bcb49a62ae3\"><\/div>\n<\/div>\n\n\n\n\n\n\n\n<h2 style=\"font-size:20px;line-height:1.5; border-top-left-radius:0px;border-top-right-radius:0px;border-bottom-left-radius:0px;border-bottom-right-radius:0px;border-style:none;border-width:0px; margin-bottom:0.75rem;margin-top:0;\" class=\"has-text-align-left has-link-color wp-elements-7be27067843975e376617d6b4bdfee25 wp-block-post-title has-text-color has-ast-global-color-1-color\"><a href=\"https:\/\/vintageroom31.cz\/de\/index\/\" target=\"_self\" >Index<\/a><\/h2>\n\n\n<\/div>\n<\/div>\n<\/div><\/div>\n\n<div class=\"wp-block-uagb-container uagb-block-b9b8904c alignfull uagb-is-root-container\"><div class=\"uagb-container-inner-blocks-wrap\">\n<div class=\"wp-block-uagb-container uagb-block-b975f411\">\n<div class=\"wp-block-woocommerce-product-collection\">\n<div class=\"wp-block-group is-content-justification-space-between is-nowrap is-layout-flex wp-container-core-group-is-layout-3007c8ef wp-block-group-is-layout-flex\" style=\"border-bottom-color:var(--wp--preset--color--ast-global-color-1);border-bottom-width:1px;padding-top:var(--wp--preset--spacing--20);padding-bottom:var(--wp--preset--spacing--20)\">\n<div class=\"wp-block-uagb-advanced-heading uagb-block-5e65e5ff\"><h2 class=\"uagb-heading-text\">Herrenbekleidung<\/h2><\/div>\n\n\n\n<div style=\"box-shadow:none\" class=\"wp-block-woocommerce-product-gallery-large-image-next-previous wp-elements-dcd2c806f522cccf320c3bcb49a62ae3\"><\/div>\n<\/div>\n\n\n\n\n\n\n\n<h2 style=\"font-size:20px;line-height:1.5; border-top-left-radius:0px;border-top-right-radius:0px;border-bottom-left-radius:0px;border-bottom-right-radius:0px;border-style:none;border-width:0px; margin-bottom:0.75rem;margin-top:0;\" class=\"has-text-align-left has-link-color wp-elements-7be27067843975e376617d6b4bdfee25 wp-block-post-title has-text-color has-ast-global-color-1-color\"><a href=\"https:\/\/vintageroom31.cz\/de\/index\/\" target=\"_self\" >Index<\/a><\/h2>\n\n\n<\/div>\n<\/div>\n<\/div><\/div>\n\n<p><\/p>\n","protected":false},"excerpt":{"rendered":"<p>Boutique mit pers\u00f6nlich ausgew\u00e4hlter Mode in Prag Hochwertige Damen- und Herrenbekleidung, Lederjacken und zeitlose Mode \u00dcber Armina Pandeyan Bei Vintage [&hellip;]<\/p>\n","protected":false},"author":1,"featured_media":0,"parent":0,"menu_order":0,"comment_status":"closed","ping_status":"closed","template":"","meta":{"_uag_custom_page_level_css":"","site-sidebar-layout":"default","site-content-layout":"","ast-site-content-layout":"default","site-content-style":"default","site-sidebar-style":"default","ast-global-header-display":"","ast-banner-title-visibility":"","ast-main-header-display":"","ast-hfb-above-header-display":"","ast-hfb-below-header-display":"","ast-hfb-mobile-header-display":"","site-post-title":"disabled","ast-breadcrumbs-content":"","ast-featured-img":"","footer-sml-layout":"","theme-transparent-header-meta":"","adv-header-id-meta":"","stick-header-meta":"","header-above-stick-meta":"","header-main-stick-meta":"","header-below-stick-meta":"","astra-migrate-meta-layouts":"default","ast-page-background-enabled":"default","ast-page-background-meta":{"desktop":{"background-color":"var(--ast-global-color-5)","background-image":"","background-repeat":"repeat","background-position":"center center","background-size":"auto","background-attachment":"scroll","background-type":"","background-media":"","overlay-type":"","overlay-color":"","overlay-opacity":"","overlay-gradient":""},"tablet":{"background-color":"","background-image":"","background-repeat":"repeat","background-position":"center center","background-size":"auto","background-attachment":"scroll","background-type":"","background-media":"","overlay-type":"","overlay-color":"","overlay-opacity":"","overlay-gradient":""},"mobile":{"background-color":"","background-image":"","background-repeat":"repeat","background-position":"center center","background-size":"auto","background-attachment":"scroll","background-type":"","background-media":"","overlay-type":"","overlay-color":"","overlay-opacity":"","overlay-gradient":""}},"ast-content-background-meta":{"desktop":{"background-color":"var(--ast-global-color-4)","background-image":"","background-repeat":"repeat","background-position":"center center","background-size":"auto","background-attachment":"scroll","background-type":"","background-media":"","overlay-type":"","overlay-color":"","overlay-opacity":"","overlay-gradient":""},"tablet":{"background-color":"var(--ast-global-color-4)","background-image":"","background-repeat":"repeat","background-position":"center center","background-size":"auto","background-attachment":"scroll","background-type":"","background-media":"","overlay-type":"","overlay-color":"","overlay-opacity":"","overlay-gradient":""},"mobile":{"background-color":"var(--ast-global-color-4)","background-image":"","background-repeat":"repeat","background-position":"center center","background-size":"auto","background-attachment":"scroll","background-type":"","background-media":"","overlay-type":"","overlay-color":"","overlay-opacity":"","overlay-gradient":""}},"footnotes":""},"class_list":["post-946","page","type-page","status-publish","hentry"],"uagb_featured_image_src":{"full":false,"thumbnail":false,"medium":false,"medium_large":false,"large":false,"1536x1536":false,"2048x2048":false},"uagb_author_info":{"display_name":"admin","author_link":"https:\/\/vintageroom31.cz\/de\/author\/admin\/"},"uagb_comment_info":0,"uagb_excerpt":"Boutique mit pers\u00f6nlich ausgew\u00e4hlter Mode in Prag Hochwertige Damen- und Herrenbekleidung, Lederjacken und zeitlose Mode \u00dcber Armina Pandeyan Bei Vintage [&hellip;]","_links":{"self":[{"href":"https:\/\/vintageroom31.cz\/de\/wp-json\/wp\/v2\/pages\/946","targetHints":{"allow":["GET"]}}],"collection":[{"href":"https:\/\/vintageroom31.cz\/de\/wp-json\/wp\/v2\/pages"}],"about":[{"href":"https:\/\/vintageroom31.cz\/de\/wp-json\/wp\/v2\/types\/page"}],"author":[{"embeddable":true,"href":"https:\/\/vintageroom31.cz\/de\/wp-json\/wp\/v2\/users\/1"}],"replies":[{"embeddable":true,"href":"https:\/\/vintageroom31.cz\/de\/wp-json\/wp\/v2\/comments?post=946"}],"version-history":[{"count":1,"href":"https:\/\/vintageroom31.cz\/de\/wp-json\/wp\/v2\/pages\/946\/revisions"}],"predecessor-version":[{"id":947,"href":"https:\/\/vintageroom31.cz\/de\/wp-json\/wp\/v2\/pages\/946\/revisions\/947"}],"wp:attachment":[{"href":"https:\/\/vintageroom31.cz\/de\/wp-json\/wp\/v2\/media?parent=946"}],"curies":[{"name":"wp","href":"https:\/\/api.w.org\/{rel}","templated":true}]}}